{"id":1175,"date":"2021-07-17T14:57:33","date_gmt":"2021-07-17T18:57:33","guid":{"rendered":"http:\/\/ayquinaagencia.cl\/?page_id=1175"},"modified":"2021-07-17T16:07:43","modified_gmt":"2021-07-17T20:07:43","slug":"portraits-of-the-falklands","status":"publish","type":"page","link":"https:\/\/ayquinaagencia.cl\/index.php\/portraits-of-the-falklands\/","title":{"rendered":"Portraits of the Falklands"},"content":{"rendered":"\t\t<div data-elementor-type=\"wp-page\" data-elementor-id=\"1175\" class=\"elementor elementor-1175\">\n\t\t\t\t\t\t<section class=\"elementor-section elementor-top-section elementor-element elementor-element-ea741d6 elementor-section-full_width elementor-section-content-top elementor-section-height-default elementor-section-height-default wpr-particle-no wpr-jarallax-no wpr-parallax-no wpr-sticky-section-no\" data-id=\"ea741d6\" data-element_type=\"section\">\n\t\t\t\t\t\t<div class=\"elementor-container elementor-column-gap-no\">\n\t\t\t\t\t<div class=\"elementor-column elementor-col-100 elementor-top-column elementor-element elementor-element-47bd55a\" data-id=\"47bd55a\" data-element_type=\"column\">\n\t\t\t<div class=\"elementor-widget-wrap elementor-element-populated\">\n\t\t\t\t\t\t<div class=\"elementor-element elementor-element-7c41126 elementor-widget elementor-widget-shortcode\" data-id=\"7c41126\" data-element_type=\"widget\" data-widget_type=\"shortcode.default\">\n\t\t\t\t<div class=\"elementor-widget-container\">\n\t\t\t\t\t<div class=\"elementor-shortcode\"><script type=\"text\/javascript\">var lsjQuery = jQuery;lsjQuery(document).ready(function() {\r\nif(typeof lsjQuery.fn.layerSlider == \"undefined\") {\r\nif( window._layerSlider && window._layerSlider.showNotice) { \r\nwindow._layerSlider.showNotice('layerslider_2','jquery');\r\n}\r\n} else {\r\nlsjQuery(\"#layerslider_2\").layerSlider({createdWith: '6.9.2', sliderVersion: '6.9.2', type: 'fullwidth', skin: 'v6', skinsPath: 'https:\/\/ayquinaagencia.cl\/wp-content\/plugins\/LayerSlider\/static\/layerslider\/skins\/'});\r\n}\r\n});\r\n<\/script><div id=\"layerslider_2\" class=\"ls-wp-container fitvidsignore\" style=\"width:1280px;height:400px;margin:0 auto;margin-bottom: 0px;\"><div class=\"ls-slide\" data-ls=\"kenburnsscale:1.2;\"><img fetchpriority=\"high\" width=\"1234\" height=\"528\" src=\"https:\/\/ayquinaagencia.cl\/wp-content\/uploads\/2021\/07\/PAUL-ROBERTSON.jpeg\" class=\"ls-bg\" alt=\"\" decoding=\"async\" srcset=\"https:\/\/ayquinaagencia.cl\/wp-content\/uploads\/2021\/07\/PAUL-ROBERTSON.jpeg 1234w, https:\/\/ayquinaagencia.cl\/wp-content\/uploads\/2021\/07\/PAUL-ROBERTSON-300x128.jpeg 300w, https:\/\/ayquinaagencia.cl\/wp-content\/uploads\/2021\/07\/PAUL-ROBERTSON-1024x438.jpeg 1024w, https:\/\/ayquinaagencia.cl\/wp-content\/uploads\/2021\/07\/PAUL-ROBERTSON-768x329.jpeg 768w\" sizes=\"(max-width: 1234px) 100vw, 1234px\" \/><p style=\"top:251px;left:430px;font-weight:700;background-size:inherit;background-position:inherit;font-size:36px;color:#ffffff;\" class=\"ls-l\">Portraits of the Falklands<\/p><\/div><\/div><\/div>\n\t\t\t\t<\/div>\n\t\t\t\t<\/div>\n\t\t\t\t<div class=\"elementor-element elementor-element-9c99cbc elementor-widget elementor-widget-text-editor\" data-id=\"9c99cbc\" data-element_type=\"widget\" data-widget_type=\"text-editor.default\">\n\t\t\t\t<div class=\"elementor-widget-container\">\n\t\t\t\t\t\t\t<p style=\"text-align: center;\">En el 2017 realizamos 7 micro metrajes, donde se plasmo\u0301 la geograf\u00eda, flora y fauna, de las islas, adem\u00e1s de grupos humanos.<\/p><p style=\"text-align: center;\">Este viaje se realizo gracias a la Embajada Brit\u00e1nica en Chile.<\/p>\t\t\t\t\t\t<\/div>\n\t\t\t\t<\/div>\n\t\t\t\t\t<\/div>\n\t\t<\/div>\n\t\t\t\t\t<\/div>\n\t\t<\/section>\n\t\t\t\t<section class=\"elementor-section elementor-top-section elementor-element elementor-element-a78bc68 elementor-section-boxed elementor-section-height-default elementor-section-height-default wpr-particle-no wpr-jarallax-no wpr-parallax-no wpr-sticky-section-no\" data-id=\"a78bc68\" data-element_type=\"section\">\n\t\t\t\t\t\t<div class=\"elementor-container elementor-column-gap-default\">\n\t\t\t\t\t<div class=\"elementor-column elementor-col-100 elementor-top-column elementor-element elementor-element-49fb38a\" data-id=\"49fb38a\" data-element_type=\"column\">\n\t\t\t<div class=\"elementor-widget-wrap elementor-element-populated\">\n\t\t\t\t\t\t<div class=\"elementor-element elementor-element-55de337 elementor-widget elementor-widget-video\" data-id=\"55de337\" data-element_type=\"widget\" data-settings=\"{&quot;video_type&quot;:&quot;vimeo&quot;}\" data-widget_type=\"video.default\">\n\t\t\t\t<div class=\"elementor-widget-container\">\n\t\t\t\t\t<div class=\"elementor-wrapper elementor-open-inline\">\n\t\t\t<iframe class=\"elementor-video-iframe\" allowfullscreen allow=\"clipboard-write\" title=\"Reproductor de v\u00eddeo vimeo\" src=\"https:\/\/player.vimeo.com\/video\/209950879?color&amp;autopause=0&amp;loop=0&amp;muted=0&amp;title=0&amp;portrait=0&amp;byline=0#t=\"><\/iframe>\t\t<\/div>\n\t\t\t\t<\/div>\n\t\t\t\t<\/div>\n\t\t\t\t\t<\/div>\n\t\t<\/div>\n\t\t\t\t\t<\/div>\n\t\t<\/section>\n\t\t\t\t<\/div>\n\t\t","protected":false},"excerpt":{"rendered":"<p>En el 2017 realizamos 7 micro metrajes, donde se plasmo\u0301 la geograf\u00eda, flora y fauna, de las islas, adem\u00e1s de grupos humanos. Este viaje se realizo gracias a la Embajada Brit\u00e1nica en Chile. https:\/\/vimeo.com\/209950879<\/p>\n","protected":false},"author":1,"featured_media":0,"parent":0,"menu_order":0,"comment_status":"closed","ping_status":"closed","template":"","meta":{"inline_featured_image":false,"_uag_custom_page_level_css":""},"uagb_featured_image_src":{"full":false,"thumbnail":false,"medium":false,"medium_large":false,"large":false,"1536x1536":false,"2048x2048":false},"uagb_author_info":{"display_name":"agencia","author_link":"https:\/\/ayquinaagencia.cl\/index.php\/author\/agencia\/"},"uagb_comment_info":0,"uagb_excerpt":"En el 2017 realizamos 7 micro metrajes, donde se plasmo\u0301 la geograf\u00eda, flora y fauna, de las islas, adem\u00e1s de grupos humanos. Este viaje se realizo gracias a la Embajada Brit\u00e1nica en Chile. https:\/\/vimeo.com\/209950879","_links":{"self":[{"href":"https:\/\/ayquinaagencia.cl\/index.php\/wp-json\/wp\/v2\/pages\/1175"}],"collection":[{"href":"https:\/\/ayquinaagencia.cl\/index.php\/wp-json\/wp\/v2\/pages"}],"about":[{"href":"https:\/\/ayquinaagencia.cl\/index.php\/wp-json\/wp\/v2\/types\/page"}],"author":[{"embeddable":true,"href":"https:\/\/ayquinaagencia.cl\/index.php\/wp-json\/wp\/v2\/users\/1"}],"replies":[{"embeddable":true,"href":"https:\/\/ayquinaagencia.cl\/index.php\/wp-json\/wp\/v2\/comments?post=1175"}],"version-history":[{"count":17,"href":"https:\/\/ayquinaagencia.cl\/index.php\/wp-json\/wp\/v2\/pages\/1175\/revisions"}],"predecessor-version":[{"id":1196,"href":"https:\/\/ayquinaagencia.cl\/index.php\/wp-json\/wp\/v2\/pages\/1175\/revisions\/1196"}],"wp:attachment":[{"href":"https:\/\/ayquinaagencia.cl\/index.php\/wp-json\/wp\/v2\/media?parent=1175"}],"curies":[{"name":"wp","href":"https:\/\/api.w.org\/{rel}","templated":true}]}}