{"id":1232,"date":"2021-08-01T18:34:11","date_gmt":"2021-08-01T22:34:11","guid":{"rendered":"http:\/\/ayquinaagencia.cl\/?page_id=1232"},"modified":"2021-08-01T18:49:38","modified_gmt":"2021-08-01T22:49:38","slug":"plaza-de-almas","status":"publish","type":"page","link":"https:\/\/ayquinaagencia.cl\/index.php\/plaza-de-almas\/","title":{"rendered":"Plaza de Almas"},"content":{"rendered":"\t\t<div data-elementor-type=\"wp-page\" data-elementor-id=\"1232\" class=\"elementor elementor-1232\">\n\t\t\t\t\t\t<section class=\"elementor-section elementor-top-section elementor-element elementor-element-65af825 elementor-section-boxed elementor-section-height-default elementor-section-height-default wpr-particle-no wpr-jarallax-no wpr-parallax-no wpr-sticky-section-no\" data-id=\"65af825\" data-element_type=\"section\">\n\t\t\t\t\t\t<div class=\"elementor-container elementor-column-gap-default\">\n\t\t\t\t\t<div class=\"elementor-column elementor-col-100 elementor-top-column elementor-element elementor-element-155ccdf\" data-id=\"155ccdf\" data-element_type=\"column\">\n\t\t\t<div class=\"elementor-widget-wrap elementor-element-populated\">\n\t\t\t\t\t\t<div class=\"elementor-element elementor-element-54dc67d elementor-widget elementor-widget-shortcode\" data-id=\"54dc67d\" data-element_type=\"widget\" data-widget_type=\"shortcode.default\">\n\t\t\t\t<div class=\"elementor-widget-container\">\n\t\t\t\t\t<div class=\"elementor-shortcode\"><script type=\"text\/javascript\">var lsjQuery = jQuery;lsjQuery(document).ready(function() {\r\nif(typeof lsjQuery.fn.layerSlider == \"undefined\") {\r\nif( window._layerSlider && window._layerSlider.showNotice) { \r\nwindow._layerSlider.showNotice('layerslider_4','jquery');\r\n}\r\n} else {\r\nlsjQuery(\"#layerslider_4\").layerSlider({createdWith: '6.9.2', sliderVersion: '6.9.2', type: 'fullwidth', skin: 'v6', skinsPath: 'https:\/\/ayquinaagencia.cl\/wp-content\/plugins\/LayerSlider\/static\/layerslider\/skins\/'});\r\n}\r\n});\r\n<\/script><div id=\"layerslider_4\" class=\"ls-wp-container fitvidsignore\" style=\"width:1280px;height:400px;margin:0 auto;margin-bottom: 0px;\"><div class=\"ls-slide\" data-ls=\"kenburnsscale:1.2;\"><img fetchpriority=\"high\" width=\"1234\" height=\"528\" src=\"https:\/\/ayquinaagencia.cl\/wp-content\/uploads\/2021\/07\/fondo.jpg\" class=\"ls-bg\" alt=\"\" decoding=\"async\" srcset=\"https:\/\/ayquinaagencia.cl\/wp-content\/uploads\/2021\/07\/fondo.jpg 1234w, https:\/\/ayquinaagencia.cl\/wp-content\/uploads\/2021\/07\/fondo-300x128.jpg 300w, https:\/\/ayquinaagencia.cl\/wp-content\/uploads\/2021\/07\/fondo-1024x438.jpg 1024w, https:\/\/ayquinaagencia.cl\/wp-content\/uploads\/2021\/07\/fondo-768x329.jpg 768w\" sizes=\"(max-width: 1234px) 100vw, 1234px\" \/><p style=\"top:192px;left:485px;text-align:center;font-weight:700;background-size:inherit;background-position:inherit;font-size:36px;color:#ffffff;\" class=\"ls-l\">Plaza de Almas<\/p><p style=\"top:545px;left:600px;font-weight:700;background-size:inherit;background-position:inherit;font-size:24px;color:#ffffff;\" class=\"ls-l\">CORPORATIVO<\/p><p style=\"top:250px;left:173px;text-align:center;background-size:inherit;background-position:inherit;font-size:18px;width:900px;color:#ffffff;line-height:falsepx;white-space:normal;\" class=\"ls-l\"><strong>El proyecto \u201cPlaza de Almas\u201d nace de la iniciativa del colectivo de fot\u00f3grafos Luzidos<br><\/strong>\n<br>\nQuienes le proponen a MetroArte un proyecto fotogr\u00e1fico para el t\u00fanel de interconectividad entre la nueva l\u00ednea tres y la cinco del Metro. Una radiografia visual de la Plaza de Armas de Santiago de Chile. \nLos cinco fot\u00f3grafos del colectivo, bas\u00e1ndonos en el lenguaje del collage, trabajaron series, secuencias y fotograf\u00edas \u00fanicas. Pronto a ser inaugurado en el 2021.\n\n<\/p><\/div><\/div><\/div>\n\t\t\t\t<\/div>\n\t\t\t\t<\/div>\n\t\t\t\t\t<\/div>\n\t\t<\/div>\n\t\t\t\t\t<\/div>\n\t\t<\/section>\n\t\t\t\t<section class=\"elementor-section elementor-top-section elementor-element elementor-element-a7392f7 elementor-section-boxed elementor-section-height-default elementor-section-height-default wpr-particle-no wpr-jarallax-no wpr-parallax-no wpr-sticky-section-no\" data-id=\"a7392f7\" data-element_type=\"section\">\n\t\t\t\t\t\t<div class=\"elementor-container elementor-column-gap-default\">\n\t\t\t\t\t<div class=\"elementor-column elementor-col-100 elementor-top-column elementor-element elementor-element-1c2e0ae\" data-id=\"1c2e0ae\" data-element_type=\"column\">\n\t\t\t<div class=\"elementor-widget-wrap elementor-element-populated\">\n\t\t\t\t\t\t<div class=\"elementor-element elementor-element-c20cc2f elementor-widget elementor-widget-image-gallery\" data-id=\"c20cc2f\" data-element_type=\"widget\" data-widget_type=\"image-gallery.default\">\n\t\t\t\t<div class=\"elementor-widget-container\">\n\t\t\t\t\t<div class=\"elementor-image-gallery\">\n\t\t\t<div id='gallery-1' class='gallery galleryid-1232 gallery-columns-3 gallery-size-medium'><figure class='gallery-item'>\n\t\t\t<div class='gallery-icon landscape'>\n\t\t\t\t<a data-elementor-open-lightbox=\"yes\" data-elementor-lightbox-slideshow=\"c20cc2f\" data-elementor-lightbox-title=\"2-HAITIANOS ONE\" data-e-action-hash=\"#elementor-action%3Aaction%3Dlightbox%26settings%3DeyJpZCI6MTIzNywidXJsIjoiaHR0cHM6XC9cL2F5cXVpbmFhZ2VuY2lhLmNsXC93cC1jb250ZW50XC91cGxvYWRzXC8yMDIxXC8wOFwvMi1IQUlUSUFOT1MtT05FLS5qcGciLCJzbGlkZXNob3ciOiJjMjBjYzJmIn0%3D\" href='https:\/\/ayquinaagencia.cl\/wp-content\/uploads\/2021\/08\/2-HAITIANOS-ONE-.jpg'><img width=\"300\" height=\"172\" src=\"https:\/\/ayquinaagencia.cl\/wp-content\/uploads\/2021\/08\/2-HAITIANOS-ONE--300x172.jpg\" class=\"attachment-medium size-medium\" alt=\"\" decoding=\"async\" srcset=\"https:\/\/ayquinaagencia.cl\/wp-content\/uploads\/2021\/08\/2-HAITIANOS-ONE--300x172.jpg 300w, https:\/\/ayquinaagencia.cl\/wp-content\/uploads\/2021\/08\/2-HAITIANOS-ONE--1024x585.jpg 1024w, https:\/\/ayquinaagencia.cl\/wp-content\/uploads\/2021\/08\/2-HAITIANOS-ONE--768x439.jpg 768w, https:\/\/ayquinaagencia.cl\/wp-content\/uploads\/2021\/08\/2-HAITIANOS-ONE-.jpg 1200w\" sizes=\"(max-width: 300px) 100vw, 300px\" \/><\/a>\n\t\t\t<\/div><\/figure><figure class='gallery-item'>\n\t\t\t<div class='gallery-icon landscape'>\n\t\t\t\t<a data-elementor-open-lightbox=\"yes\" data-elementor-lightbox-slideshow=\"c20cc2f\" data-elementor-lightbox-title=\"3-PERSIGNARSE ONE\" data-e-action-hash=\"#elementor-action%3Aaction%3Dlightbox%26settings%3DeyJpZCI6MTIzOCwidXJsIjoiaHR0cHM6XC9cL2F5cXVpbmFhZ2VuY2lhLmNsXC93cC1jb250ZW50XC91cGxvYWRzXC8yMDIxXC8wOFwvMy1QRVJTSUdOQVJTRS1PTkUtMS5qcGciLCJzbGlkZXNob3ciOiJjMjBjYzJmIn0%3D\" href='https:\/\/ayquinaagencia.cl\/wp-content\/uploads\/2021\/08\/3-PERSIGNARSE-ONE-1.jpg'><img width=\"300\" height=\"172\" src=\"https:\/\/ayquinaagencia.cl\/wp-content\/uploads\/2021\/08\/3-PERSIGNARSE-ONE-1-300x172.jpg\" class=\"attachment-medium size-medium\" alt=\"\" decoding=\"async\" srcset=\"https:\/\/ayquinaagencia.cl\/wp-content\/uploads\/2021\/08\/3-PERSIGNARSE-ONE-1-300x172.jpg 300w, https:\/\/ayquinaagencia.cl\/wp-content\/uploads\/2021\/08\/3-PERSIGNARSE-ONE-1-1024x585.jpg 1024w, https:\/\/ayquinaagencia.cl\/wp-content\/uploads\/2021\/08\/3-PERSIGNARSE-ONE-1-768x439.jpg 768w, https:\/\/ayquinaagencia.cl\/wp-content\/uploads\/2021\/08\/3-PERSIGNARSE-ONE-1.jpg 1200w\" sizes=\"(max-width: 300px) 100vw, 300px\" \/><\/a>\n\t\t\t<\/div><\/figure><figure class='gallery-item'>\n\t\t\t<div class='gallery-icon landscape'>\n\t\t\t\t<a data-elementor-open-lightbox=\"yes\" data-elementor-lightbox-slideshow=\"c20cc2f\" data-elementor-lightbox-title=\"4-PIES ONE\" data-e-action-hash=\"#elementor-action%3Aaction%3Dlightbox%26settings%3DeyJpZCI6MTIzOSwidXJsIjoiaHR0cHM6XC9cL2F5cXVpbmFhZ2VuY2lhLmNsXC93cC1jb250ZW50XC91cGxvYWRzXC8yMDIxXC8wOFwvNC1QSUVTLU9ORS0uanBnIiwic2xpZGVzaG93IjoiYzIwY2MyZiJ9\" href='https:\/\/ayquinaagencia.cl\/wp-content\/uploads\/2021\/08\/4-PIES-ONE-.jpg'><img loading=\"lazy\" width=\"300\" height=\"172\" src=\"https:\/\/ayquinaagencia.cl\/wp-content\/uploads\/2021\/08\/4-PIES-ONE--300x172.jpg\" class=\"attachment-medium size-medium\" alt=\"\" decoding=\"async\" srcset=\"https:\/\/ayquinaagencia.cl\/wp-content\/uploads\/2021\/08\/4-PIES-ONE--300x172.jpg 300w, https:\/\/ayquinaagencia.cl\/wp-content\/uploads\/2021\/08\/4-PIES-ONE--1024x585.jpg 1024w, https:\/\/ayquinaagencia.cl\/wp-content\/uploads\/2021\/08\/4-PIES-ONE--768x439.jpg 768w, https:\/\/ayquinaagencia.cl\/wp-content\/uploads\/2021\/08\/4-PIES-ONE-.jpg 1200w\" sizes=\"(max-width: 300px) 100vw, 300px\" \/><\/a>\n\t\t\t<\/div><\/figure><figure class='gallery-item'>\n\t\t\t<div class='gallery-icon landscape'>\n\t\t\t\t<a data-elementor-open-lightbox=\"yes\" data-elementor-lightbox-slideshow=\"c20cc2f\" data-elementor-lightbox-title=\"5-PARAGUAS ONE\" data-e-action-hash=\"#elementor-action%3Aaction%3Dlightbox%26settings%3DeyJpZCI6MTI0MCwidXJsIjoiaHR0cHM6XC9cL2F5cXVpbmFhZ2VuY2lhLmNsXC93cC1jb250ZW50XC91cGxvYWRzXC8yMDIxXC8wOFwvNS1QQVJBR1VBUy1PTkUtLmpwZyIsInNsaWRlc2hvdyI6ImMyMGNjMmYifQ%3D%3D\" href='https:\/\/ayquinaagencia.cl\/wp-content\/uploads\/2021\/08\/5-PARAGUAS-ONE-.jpg'><img loading=\"lazy\" width=\"300\" height=\"172\" src=\"https:\/\/ayquinaagencia.cl\/wp-content\/uploads\/2021\/08\/5-PARAGUAS-ONE--300x172.jpg\" class=\"attachment-medium size-medium\" alt=\"\" decoding=\"async\" srcset=\"https:\/\/ayquinaagencia.cl\/wp-content\/uploads\/2021\/08\/5-PARAGUAS-ONE--300x172.jpg 300w, https:\/\/ayquinaagencia.cl\/wp-content\/uploads\/2021\/08\/5-PARAGUAS-ONE--1024x585.jpg 1024w, https:\/\/ayquinaagencia.cl\/wp-content\/uploads\/2021\/08\/5-PARAGUAS-ONE--768x439.jpg 768w, https:\/\/ayquinaagencia.cl\/wp-content\/uploads\/2021\/08\/5-PARAGUAS-ONE-.jpg 1200w\" sizes=\"(max-width: 300px) 100vw, 300px\" \/><\/a>\n\t\t\t<\/div><\/figure><figure class='gallery-item'>\n\t\t\t<div class='gallery-icon landscape'>\n\t\t\t\t<a data-elementor-open-lightbox=\"yes\" data-elementor-lightbox-slideshow=\"c20cc2f\" data-elementor-lightbox-title=\"1 BUDA ONE\" data-e-action-hash=\"#elementor-action%3Aaction%3Dlightbox%26settings%3DeyJpZCI6MTIzNCwidXJsIjoiaHR0cHM6XC9cL2F5cXVpbmFhZ2VuY2lhLmNsXC93cC1jb250ZW50XC91cGxvYWRzXC8yMDIxXC8wOFwvMS1CVURBLU9ORS0tc2NhbGVkLmpwZyIsInNsaWRlc2hvdyI6ImMyMGNjMmYifQ%3D%3D\" href='https:\/\/ayquinaagencia.cl\/wp-content\/uploads\/2021\/08\/1-BUDA-ONE--scaled.jpg'><img loading=\"lazy\" width=\"300\" height=\"171\" src=\"https:\/\/ayquinaagencia.cl\/wp-content\/uploads\/2021\/08\/1-BUDA-ONE--300x171.jpg\" class=\"attachment-medium size-medium\" alt=\"\" decoding=\"async\" srcset=\"https:\/\/ayquinaagencia.cl\/wp-content\/uploads\/2021\/08\/1-BUDA-ONE--300x171.jpg 300w, https:\/\/ayquinaagencia.cl\/wp-content\/uploads\/2021\/08\/1-BUDA-ONE--1024x585.jpg 1024w, https:\/\/ayquinaagencia.cl\/wp-content\/uploads\/2021\/08\/1-BUDA-ONE--768x439.jpg 768w, https:\/\/ayquinaagencia.cl\/wp-content\/uploads\/2021\/08\/1-BUDA-ONE--1536x878.jpg 1536w, https:\/\/ayquinaagencia.cl\/wp-content\/uploads\/2021\/08\/1-BUDA-ONE--2048x1170.jpg 2048w\" sizes=\"(max-width: 300px) 100vw, 300px\" \/><\/a>\n\t\t\t<\/div><\/figure>\n\t\t<\/div>\n\t\t<\/div>\n\t\t\t\t<\/div>\n\t\t\t\t<\/div>\n\t\t\t\t\t<\/div>\n\t\t<\/div>\n\t\t\t\t\t<\/div>\n\t\t<\/section>\n\t\t\t\t<\/div>\n\t\t","protected":false},"excerpt":{"rendered":"","protected":false},"author":1,"featured_media":0,"parent":0,"menu_order":0,"comment_status":"closed","ping_status":"closed","template":"","meta":{"inline_featured_image":false,"_uag_custom_page_level_css":""},"uagb_featured_image_src":{"full":false,"thumbnail":false,"medium":false,"medium_large":false,"large":false,"1536x1536":false,"2048x2048":false},"uagb_author_info":{"display_name":"agencia","author_link":"https:\/\/ayquinaagencia.cl\/index.php\/author\/agencia\/"},"uagb_comment_info":0,"uagb_excerpt":null,"_links":{"self":[{"href":"https:\/\/ayquinaagencia.cl\/index.php\/wp-json\/wp\/v2\/pages\/1232"}],"collection":[{"href":"https:\/\/ayquinaagencia.cl\/index.php\/wp-json\/wp\/v2\/pages"}],"about":[{"href":"https:\/\/ayquinaagencia.cl\/index.php\/wp-json\/wp\/v2\/types\/page"}],"author":[{"embeddable":true,"href":"https:\/\/ayquinaagencia.cl\/index.php\/wp-json\/wp\/v2\/users\/1"}],"replies":[{"embeddable":true,"href":"https:\/\/ayquinaagencia.cl\/index.php\/wp-json\/wp\/v2\/comments?post=1232"}],"version-history":[{"count":8,"href":"https:\/\/ayquinaagencia.cl\/index.php\/wp-json\/wp\/v2\/pages\/1232\/revisions"}],"predecessor-version":[{"id":1248,"href":"https:\/\/ayquinaagencia.cl\/index.php\/wp-json\/wp\/v2\/pages\/1232\/revisions\/1248"}],"wp:attachment":[{"href":"https:\/\/ayquinaagencia.cl\/index.php\/wp-json\/wp\/v2\/media?parent=1232"}],"curies":[{"name":"wp","href":"https:\/\/api.w.org\/{rel}","templated":true}]}}